{"id":257,"date":"2023-03-27T12:08:53","date_gmt":"2023-03-27T10:08:53","guid":{"rendered":"http:\/\/srv55248.seohost.com.pl\/?page_id=257"},"modified":"2023-04-01T10:36:48","modified_gmt":"2023-04-01T08:36:48","slug":"kontakt","status":"publish","type":"page","link":"https:\/\/monikawieczorkowska.pl\/index.php\/kontakt\/","title":{"rendered":"Kontakt"},"content":{"rendered":"\n<center><p>Gancarstwo R\u0119kodzie\u0142o Monika Wieczorkowska<\/p>\n<p>ul. Wajdeloty 7, Gda\u0144sk<\/p>\n<p>+48 516 139 364<\/p><br>\n<p><iframe loading=\"lazy\" style=\"border: 0;\" src=\"https:\/\/www.google.com\/maps\/embed?pb=!1m18!1m12!1m3!1d2323.5909407286526!2d18.609037676558096!3d54.38187647260774!2m3!1f0!2f0!3f0!3m2!1i1024!2i768!4f13.1!3m3!1m2!1s0x46fd74be14ffbdff%3A0x70c9f816459a2f37!2sGarncarnstwo%20R%C4%99kodzie%C5%82o%20Monika%20Wieczorkowska!5e0!3m2!1spl!2spl!4v1679650163357!5m2!1spl!2spl\" width=\"400\" height=\"300\" allowfullscreen=\"allowfullscreen\"><\/iframe><\/p>\n<p>&nbsp;<\/p><\/center>\n\n\n\n<p>Je\u015bli chcesz o co\u015b zapyta\u0107? Za co\u015b nas skomplementowa\u0107 lub zasugerowa\u0107 jak\u0105\u015b zmian\u0119? Mo\u017ce zwyczajnie chcesz czym\u015b si\u0119 z nami podzieli\u0107? napisz do nas korzystaj\u0105c z poni\u017cszego formularza, na pewno odpowiemy.<\/p>\n\n\n\n<div class=\"wpcf7 no-js\" id=\"wpcf7-f87-o1\" lang=\"pl-PL\" dir=\"ltr\" data-wpcf7-id=\"87\">\n<div class=\"screen-reader-response\"><p role=\"status\" aria-live=\"polite\" aria-atomic=\"true\"><\/p> <ul><\/ul><\/div>\n<form action=\"\/index.php\/wp-json\/wp\/v2\/pages\/257#wpcf7-f87-o1\" method=\"post\" class=\"wpcf7-form init\" aria-label=\"Formularz kontaktowy\" novalidate=\"novalidate\" data-status=\"init\">\n<fieldset class=\"hidden-fields-container\"><input type=\"hidden\" name=\"_wpcf7\" value=\"87\" \/><input type=\"hidden\" name=\"_wpcf7_version\" value=\"6.1.3\" \/><input type=\"hidden\" name=\"_wpcf7_locale\" value=\"pl_PL\" \/><input type=\"hidden\" name=\"_wpcf7_unit_tag\" value=\"wpcf7-f87-o1\" \/><input type=\"hidden\" name=\"_wpcf7_container_post\" value=\"0\" \/><input type=\"hidden\" name=\"_wpcf7_posted_data_hash\" value=\"\" \/>\n<\/fieldset>\n<p><label> Imi\u0119 i nazwisko (wymagane)<br \/>\n<span class=\"wpcf7-form-control-wrap\" data-name=\"your-name\"><input size=\"40\" maxlength=\"400\" class=\"wpcf7-form-control wpcf7-text wpcf7-validates-as-required\" aria-required=\"true\" aria-invalid=\"false\" value=\"\" type=\"text\" name=\"your-name\" \/><\/span> <\/label>\n<\/p>\n<p><label> Tw\u00f3j email (wymagane)<br \/>\n<span class=\"wpcf7-form-control-wrap\" data-name=\"your-email\"><input size=\"40\" maxlength=\"400\" class=\"wpcf7-form-control wpcf7-email wpcf7-validates-as-required wpcf7-text wpcf7-validates-as-email\" aria-required=\"true\" aria-invalid=\"false\" value=\"\" type=\"email\" name=\"your-email\" \/><\/span> <\/label>\n<\/p>\n<p><label> Temat<br \/>\n<span class=\"wpcf7-form-control-wrap\" data-name=\"your-subject\"><input size=\"40\" maxlength=\"400\" class=\"wpcf7-form-control wpcf7-text\" aria-invalid=\"false\" value=\"\" type=\"text\" name=\"your-subject\" \/><\/span> <\/label>\n<\/p>\n<p><label> Tre\u015b\u0107 wiadomo\u015bci<br \/>\n<span class=\"wpcf7-form-control-wrap\" data-name=\"your-message\"><textarea cols=\"40\" rows=\"10\" maxlength=\"2000\" class=\"wpcf7-form-control wpcf7-textarea\" aria-invalid=\"false\" name=\"your-message\"><\/textarea><\/span> <\/label>\n<\/p>\n<p><input class=\"wpcf7-form-control wpcf7-submit has-spinner\" type=\"submit\" value=\"Wy\u015blij\" \/>\n<\/p><div class=\"wpcf7-response-output\" aria-hidden=\"true\"><\/div>\n<\/form>\n<\/div>\n\n","protected":false},"excerpt":{"rendered":"<p>Gancarstwo R\u0119kodzie\u0142o Monika Wieczorkowska ul. Wajdeloty 7, Gda\u0144sk +48 516 139 364 &nbsp; Je\u015bli chcesz o co\u015b zapyta\u0107? Za co\u015b nas skomplementowa\u0107 lub zasugerowa\u0107 jak\u0105\u015b zmian\u0119? Mo\u017ce zwyczajnie chcesz czym\u015b si\u0119 z nami podzieli\u0107? napisz do nas korzystaj\u0105c z poni\u017cszego formularza, na pewno odpowiemy.<\/p>\n","protected":false},"author":1,"featured_media":0,"parent":0,"menu_order":0,"comment_status":"closed","ping_status":"closed","template":"","meta":{"footnotes":""},"class_list":["post-257","page","type-page","status-publish","hentry"],"yoast_head":"<!-- This site is optimized with the Yoast SEO plugin v26.4 - https:\/\/yoast.com\/wordpress\/plugins\/seo\/ -->\n<title>Kontakt - Garncarstwo R\u0119kodzie\u0142o Monika Wieczorkowska<\/title>\n<meta name=\"robots\" content=\"index, follow, max-snippet:-1, max-image-preview:large, max-video-preview:-1\" \/>\n<link rel=\"canonical\" href=\"http:\/\/monikawieczorkowska.pl\/index.php\/kontakt\/\" \/>\n<meta property=\"og:locale\" content=\"pl_PL\" \/>\n<meta property=\"og:type\" content=\"article\" \/>\n<meta property=\"og:title\" content=\"Kontakt - Garncarstwo R\u0119kodzie\u0142o Monika Wieczorkowska\" \/>\n<meta property=\"og:description\" content=\"Gancarstwo R\u0119kodzie\u0142o Monika Wieczorkowska ul. Wajdeloty 7, Gda\u0144sk +48 516 139 364 &nbsp; Je\u015bli chcesz o co\u015b zapyta\u0107? Za co\u015b nas skomplementowa\u0107 lub zasugerowa\u0107 jak\u0105\u015b zmian\u0119? Mo\u017ce zwyczajnie chcesz czym\u015b si\u0119 z nami podzieli\u0107? napisz do nas korzystaj\u0105c z poni\u017cszego formularza, na pewno odpowiemy.\" \/>\n<meta property=\"og:url\" content=\"http:\/\/monikawieczorkowska.pl\/index.php\/kontakt\/\" \/>\n<meta property=\"og:site_name\" content=\"Garncarstwo R\u0119kodzie\u0142o Monika Wieczorkowska\" \/>\n<meta property=\"article:modified_time\" content=\"2023-04-01T08:36:48+00:00\" \/>\n<meta name=\"twitter:card\" content=\"summary_large_image\" \/>\n<meta name=\"twitter:label1\" content=\"Szacowany czas czytania\" \/>\n\t<meta name=\"twitter:data1\" content=\"1 minuta\" \/>\n<script type=\"application\/ld+json\" class=\"yoast-schema-graph\">{\"@context\":\"https:\/\/schema.org\",\"@graph\":[{\"@type\":\"WebPage\",\"@id\":\"http:\/\/monikawieczorkowska.pl\/index.php\/kontakt\/\",\"url\":\"http:\/\/monikawieczorkowska.pl\/index.php\/kontakt\/\",\"name\":\"Kontakt - Garncarstwo R\u0119kodzie\u0142o Monika Wieczorkowska\",\"isPartOf\":{\"@id\":\"http:\/\/monikawieczorkowska.pl\/#website\"},\"datePublished\":\"2023-03-27T10:08:53+00:00\",\"dateModified\":\"2023-04-01T08:36:48+00:00\",\"breadcrumb\":{\"@id\":\"http:\/\/monikawieczorkowska.pl\/index.php\/kontakt\/#breadcrumb\"},\"inLanguage\":\"pl-PL\",\"potentialAction\":[{\"@type\":\"ReadAction\",\"target\":[\"http:\/\/monikawieczorkowska.pl\/index.php\/kontakt\/\"]}]},{\"@type\":\"BreadcrumbList\",\"@id\":\"http:\/\/monikawieczorkowska.pl\/index.php\/kontakt\/#breadcrumb\",\"itemListElement\":[{\"@type\":\"ListItem\",\"position\":1,\"name\":\"Strona g\u0142\u00f3wna\",\"item\":\"https:\/\/monikawieczorkowska.pl\/\"},{\"@type\":\"ListItem\",\"position\":2,\"name\":\"Kontakt\"}]},{\"@type\":\"WebSite\",\"@id\":\"http:\/\/monikawieczorkowska.pl\/#website\",\"url\":\"http:\/\/monikawieczorkowska.pl\/\",\"name\":\"Garncarstwo R\u0119kodzie\u0142o Monika Wieczorkowska\",\"description\":\"\",\"potentialAction\":[{\"@type\":\"SearchAction\",\"target\":{\"@type\":\"EntryPoint\",\"urlTemplate\":\"http:\/\/monikawieczorkowska.pl\/?s={search_term_string}\"},\"query-input\":{\"@type\":\"PropertyValueSpecification\",\"valueRequired\":true,\"valueName\":\"search_term_string\"}}],\"inLanguage\":\"pl-PL\"}]}<\/script>\n<!-- \/ Yoast SEO plugin. -->","yoast_head_json":{"title":"Kontakt - Garncarstwo R\u0119kodzie\u0142o Monika Wieczorkowska","robots":{"index":"index","follow":"follow","max-snippet":"max-snippet:-1","max-image-preview":"max-image-preview:large","max-video-preview":"max-video-preview:-1"},"canonical":"http:\/\/monikawieczorkowska.pl\/index.php\/kontakt\/","og_locale":"pl_PL","og_type":"article","og_title":"Kontakt - Garncarstwo R\u0119kodzie\u0142o Monika Wieczorkowska","og_description":"Gancarstwo R\u0119kodzie\u0142o Monika Wieczorkowska ul. Wajdeloty 7, Gda\u0144sk +48 516 139 364 &nbsp; Je\u015bli chcesz o co\u015b zapyta\u0107? Za co\u015b nas skomplementowa\u0107 lub zasugerowa\u0107 jak\u0105\u015b zmian\u0119? Mo\u017ce zwyczajnie chcesz czym\u015b si\u0119 z nami podzieli\u0107? napisz do nas korzystaj\u0105c z poni\u017cszego formularza, na pewno odpowiemy.","og_url":"http:\/\/monikawieczorkowska.pl\/index.php\/kontakt\/","og_site_name":"Garncarstwo R\u0119kodzie\u0142o Monika Wieczorkowska","article_modified_time":"2023-04-01T08:36:48+00:00","twitter_card":"summary_large_image","twitter_misc":{"Szacowany czas czytania":"1 minuta"},"schema":{"@context":"https:\/\/schema.org","@graph":[{"@type":"WebPage","@id":"http:\/\/monikawieczorkowska.pl\/index.php\/kontakt\/","url":"http:\/\/monikawieczorkowska.pl\/index.php\/kontakt\/","name":"Kontakt - Garncarstwo R\u0119kodzie\u0142o Monika Wieczorkowska","isPartOf":{"@id":"http:\/\/monikawieczorkowska.pl\/#website"},"datePublished":"2023-03-27T10:08:53+00:00","dateModified":"2023-04-01T08:36:48+00:00","breadcrumb":{"@id":"http:\/\/monikawieczorkowska.pl\/index.php\/kontakt\/#breadcrumb"},"inLanguage":"pl-PL","potentialAction":[{"@type":"ReadAction","target":["http:\/\/monikawieczorkowska.pl\/index.php\/kontakt\/"]}]},{"@type":"BreadcrumbList","@id":"http:\/\/monikawieczorkowska.pl\/index.php\/kontakt\/#breadcrumb","itemListElement":[{"@type":"ListItem","position":1,"name":"Strona g\u0142\u00f3wna","item":"https:\/\/monikawieczorkowska.pl\/"},{"@type":"ListItem","position":2,"name":"Kontakt"}]},{"@type":"WebSite","@id":"http:\/\/monikawieczorkowska.pl\/#website","url":"http:\/\/monikawieczorkowska.pl\/","name":"Garncarstwo R\u0119kodzie\u0142o Monika Wieczorkowska","description":"","potentialAction":[{"@type":"SearchAction","target":{"@type":"EntryPoint","urlTemplate":"http:\/\/monikawieczorkowska.pl\/?s={search_term_string}"},"query-input":{"@type":"PropertyValueSpecification","valueRequired":true,"valueName":"search_term_string"}}],"inLanguage":"pl-PL"}]}},"_links":{"self":[{"href":"https:\/\/monikawieczorkowska.pl\/index.php\/wp-json\/wp\/v2\/pages\/257","targetHints":{"allow":["GET"]}}],"collection":[{"href":"https:\/\/monikawieczorkowska.pl\/index.php\/wp-json\/wp\/v2\/pages"}],"about":[{"href":"https:\/\/monikawieczorkowska.pl\/index.php\/wp-json\/wp\/v2\/types\/page"}],"author":[{"embeddable":true,"href":"https:\/\/monikawieczorkowska.pl\/index.php\/wp-json\/wp\/v2\/users\/1"}],"replies":[{"embeddable":true,"href":"https:\/\/monikawieczorkowska.pl\/index.php\/wp-json\/wp\/v2\/comments?post=257"}],"version-history":[{"count":3,"href":"https:\/\/monikawieczorkowska.pl\/index.php\/wp-json\/wp\/v2\/pages\/257\/revisions"}],"predecessor-version":[{"id":332,"href":"https:\/\/monikawieczorkowska.pl\/index.php\/wp-json\/wp\/v2\/pages\/257\/revisions\/332"}],"wp:attachment":[{"href":"https:\/\/monikawieczorkowska.pl\/index.php\/wp-json\/wp\/v2\/media?parent=257"}],"curies":[{"name":"wp","href":"https:\/\/api.w.org\/{rel}","templated":true}]}}